{"id":246,"date":"2013-12-16T12:15:20","date_gmt":"2013-12-16T11:15:20","guid":{"rendered":"http:\/\/www.pzkregl.pl\/?page_id=246"},"modified":"2025-11-03T12:23:56","modified_gmt":"2025-11-03T11:23:56","slug":"komisja-dyscyplinarna","status":"publish","type":"page","link":"https:\/\/www.pzkregl.pl\/?page_id=246","title":{"rendered":"Komisja Dyscyplinarna"},"content":{"rendered":"\t\t<div data-elementor-type=\"wp-page\" data-elementor-id=\"246\" class=\"elementor elementor-246\">\n\t\t\t\t\t\t<section class=\"elementor-section elementor-top-section elementor-element elementor-element-4d429dd elementor-section-boxed elementor-section-height-default elementor-section-height-default\" data-id=\"4d429dd\" data-element_type=\"section\" data-e-type=\"section\">\n\t\t\t\t\t\t<div class=\"elementor-container elementor-column-gap-default\">\n\t\t\t\t\t<div class=\"elementor-column elementor-col-100 elementor-top-column elementor-element elementor-element-3041071f\" data-id=\"3041071f\" data-element_type=\"column\" data-e-type=\"column\">\n\t\t\t<div class=\"elementor-widget-wrap elementor-element-populated\">\n\t\t\t\t\t\t<div class=\"elementor-element elementor-element-4e050a75 elementor-widget elementor-widget-text-editor\" data-id=\"4e050a75\" data-element_type=\"widget\" data-e-type=\"widget\" data-widget_type=\"text-editor.default\">\n\t\t\t\t<div class=\"elementor-widget-container\">\n\t\t\t\t\t\t\t\t\t<p>Poni\u017cej zamieszczamy najwa\u017cniejsze, obowi\u0105zuj\u0105ce dokumenty, w oparciu o kt\u00f3re dzia\u0142a Komisja Dyscyplinarna Polskiego Zwi\u0105zku Kr\u0119glarskiego:<\/p>\n<ul>\n<li><a style=\"font-size: 13px\" href=\"http:\/\/www.pzkregl.pl\/wp-content\/uploads\/2025\/08\/REGULAMIN_KomisjaDyscyplinarna_ver05072025.pdf\">Regulamin Komisji Dyscyplinarnej<\/a><span style=\"font-size: 13px\"> [PDF] &#8211; wersja aktualna &#8211; zatwierdzona w dniu 05.07.2025<\/span><\/li>\n<li><a style=\"font-size: 13px\" href=\"http:\/\/skk.pzkregl.pl\/files\/2013\/11\/Przeprowadzanie_bada\u0144_alkomatem_zawodnik\u00f3w.pdf\">Przeprowadzanie_bada\u0144_alkomatem_zawodnik\u00f3w<\/a>\u00a0[PDF]<\/li>\n<li><a href=\"http:\/\/www.pzkregl.pl\/wp-content\/uploads\/2025\/11\/Sklad-Komisji-Dyscyplinarnej-na-kadencje-2025-029.pdf\" target=\"_blank\" rel=\"noopener\">Sk\u0142ad Komisji Dyscyplinarnej na kadencj\u0119 2025-2029<\/a> [PDF]<\/li>\n<\/ul>\n<!-- \/wp:paragraph -->\t\t\t\t\t\t\t\t<\/div>\n\t\t\t\t<\/div>\n\t\t\t\t\t<\/div>\n\t\t<\/div>\n\t\t\t\t\t<\/div>\n\t\t<\/section>\n\t\t\t\t<\/div>\n\t\t","protected":false},"excerpt":{"rendered":"<p>Poni\u017cej zamieszczamy najwa\u017cniejsze, obowi\u0105zuj\u0105ce dokumenty, w oparciu o kt\u00f3re dzia\u0142a Komisja Dyscyplinarna Polskiego Zwi\u0105zku Kr\u0119glarskiego: Regulamin Komisji Dyscyplinarnej [PDF] &#8211; wersja aktualna &#8211; zatwierdzona w dniu 05.07.2025 Przeprowadzanie_bada\u0144_alkomatem_zawodnik\u00f3w\u00a0[PDF] Sk\u0142ad Komisji Dyscyplinarnej na kadencj\u0119 2025-2029 [PDF]<\/p>\n","protected":false},"author":1,"featured_media":0,"parent":0,"menu_order":0,"comment_status":"closed","ping_status":"closed","template":"","meta":{"_monsterinsights_skip_tracking":false,"_monsterinsights_sitenote_active":false,"_monsterinsights_sitenote_note":"","_monsterinsights_sitenote_category":0,"footnotes":""},"class_list":["post-246","page","type-page","status-publish","hentry"],"_links":{"self":[{"href":"https:\/\/www.pzkregl.pl\/index.php?rest_route=\/wp\/v2\/pages\/246","targetHints":{"allow":["GET"]}}],"collection":[{"href":"https:\/\/www.pzkregl.pl\/index.php?rest_route=\/wp\/v2\/pages"}],"about":[{"href":"https:\/\/www.pzkregl.pl\/index.php?rest_route=\/wp\/v2\/types\/page"}],"author":[{"embeddable":true,"href":"https:\/\/www.pzkregl.pl\/index.php?rest_route=\/wp\/v2\/users\/1"}],"replies":[{"embeddable":true,"href":"https:\/\/www.pzkregl.pl\/index.php?rest_route=%2Fwp%2Fv2%2Fcomments&post=246"}],"version-history":[{"count":6,"href":"https:\/\/www.pzkregl.pl\/index.php?rest_route=\/wp\/v2\/pages\/246\/revisions"}],"predecessor-version":[{"id":756,"href":"https:\/\/www.pzkregl.pl\/index.php?rest_route=\/wp\/v2\/pages\/246\/revisions\/756"}],"wp:attachment":[{"href":"https:\/\/www.pzkregl.pl\/index.php?rest_route=%2Fwp%2Fv2%2Fmedia&parent=246"}],"curies":[{"name":"wp","href":"https:\/\/api.w.org\/{rel}","templated":true}]}}