{"id":574,"date":"2022-01-04T17:18:29","date_gmt":"2022-01-04T16:18:29","guid":{"rendered":"http:\/\/www.pzkregl.pl\/?page_id=574"},"modified":"2026-03-04T13:44:44","modified_gmt":"2026-03-04T12:44:44","slug":"dokumenty","status":"publish","type":"page","link":"https:\/\/www.pzkregl.pl\/?page_id=574","title":{"rendered":"Dokumenty"},"content":{"rendered":"\t\t<div data-elementor-type=\"wp-page\" data-elementor-id=\"574\" class=\"elementor elementor-574\">\n\t\t\t\t\t\t<section class=\"elementor-section elementor-top-section elementor-element elementor-element-1fe5ed70 elementor-section-boxed elementor-section-height-default elementor-section-height-default\" data-id=\"1fe5ed70\" data-element_type=\"section\" data-e-type=\"section\">\n\t\t\t\t\t\t<div class=\"elementor-container elementor-column-gap-default\">\n\t\t\t\t\t<div class=\"elementor-column elementor-col-100 elementor-top-column elementor-element elementor-element-338eddac\" data-id=\"338eddac\" data-element_type=\"column\" data-e-type=\"column\">\n\t\t\t<div class=\"elementor-widget-wrap elementor-element-populated\">\n\t\t\t\t\t\t<div class=\"elementor-element elementor-element-1256d9c9 elementor-widget elementor-widget-text-editor\" data-id=\"1256d9c9\" data-element_type=\"widget\" data-e-type=\"widget\" data-widget_type=\"text-editor.default\">\n\t\t\t\t<div class=\"elementor-widget-container\">\n\t\t\t\t\t\t\t\t\t<p><strong>Protoko\u0142y spotka\u0144 Zarz\u0105du PZKr\u0119gl. \/ Sprawozdania Finansowe<\/strong><\/p>\n<p><a href=\"http:\/\/www.pzkregl.pl\/wp-content\/uploads\/2022\/01\/Protokol_Zebranie_Zarzadu_27112021.pdf\">Protok\u00f3\u0142 Zarz\u0105du 27.11.2021 [PDF]<\/a><\/p>\n<p><a href=\"http:\/\/www.pzkregl.pl\/wp-content\/uploads\/2022\/03\/protokol-zarzad-23.03.2022.pdf\">Protok\u00f3\u0142 Zarz\u0105du 23.03.2022 [PDF]<\/a><\/p>\n<p><a href=\"http:\/\/www.pzkregl.pl\/wp-content\/uploads\/2022\/08\/protokol_ZarzadPZKregl_25062022.pdf\">Protok\u00f3\u0142 Zarz\u0105du 25.06.2022 [PDF]<\/a><\/p>\n<p><a href=\"http:\/\/www.pzkregl.pl\/wp-content\/uploads\/2023\/01\/Protokol_Zebranie_Zarzadu_17122022.pdf\">Protok\u00f3\u0142 Zarz\u0105du 17.12.2022 [PDF]<\/a><\/p>\n<p><a href=\"http:\/\/www.pzkregl.pl\/wp-content\/uploads\/2023\/08\/Protokol_Zebrania_Zarzadu_02072023.pdf\">Protok\u00f3\u0142 Zarz\u0105du 02.07.2023 [PDF]<\/a><\/p>\n<p><a href=\"http:\/\/www.pzkregl.pl\/wp-content\/uploads\/2025\/11\/Zebranie-zarzadu-18-01-2025.pdf\">Zebranie zarz\u0105du 18 01 2025 [PDF]<\/a><\/p>\n<p><a href=\"http:\/\/www.pzkregl.pl\/wp-content\/uploads\/2025\/08\/Zebranie-Zarzadu-05072025.pdf\" target=\"_blank\" rel=\"noopener\">Protok\u00f3\u0142 Zarz\u0105du 05.07.2025 [PDF]<\/a><\/p>\n<p><a href=\"http:\/\/www.pzkregl.pl\/wp-content\/uploads\/2025\/10\/Zebranie-Zarzadu-23.08.2025-ostateczny.docx\">Zebranie Zarza\u0328du 23.08..2025 [PDF]<\/a>\u00a0<\/p>\n<p><a href=\"http:\/\/www.pzkregl.pl\/wp-content\/uploads\/2026\/03\/Zebranie-Zarzadu-24.01.2026.docx\" target=\"_blank\" rel=\"noopener\">Zebranie Zarz\u0105du 24.01.2026 [PDF]<\/a><\/p>\n<p><a style=\"font-size: 15px\" href=\"http:\/\/www.pzkregl.pl\/wp-content\/uploads\/2025\/02\/Sprawozdanie-Prezesa-z-okres-od-ostatniego-zebrania-walnego-do-31.pdf\">Sprawozdanie Prezesa PZKr\u0119gl. na dzie\u0144 31.12.2024 r. [PDF]<\/a><\/p>\n<p><!-- \/wp:freeform --><\/p>\n<p><!-- \/wp:column --><\/p>\n<p><!-- wp:column --><\/p>\n<p><!-- wp:freeform --><\/p>\n<p><strong>Zarz\u0105dzenia Prezesa<\/strong><\/p>\n<p><a href=\"http:\/\/www.pzkregl.pl\/wp-content\/uploads\/2022\/01\/Zarzadzenie_1_2021.pdf\">Zarz\u0105dzenie 1\/11\/2021 [PDF]<\/a><\/p>\n<p><!-- \/wp:freeform --><\/p>\n<p><!-- \/wp:column --><\/p>\n<p><!-- \/wp:post-content --><!-- wp:paragraph --><\/p>\n<p><b>Uchwa\u0142y Zarz\u0105du PZKr\u0119gl.<\/b><\/p>\n<p><!-- \/wp:paragraph --><!-- wp:paragraph --><\/p>\n<p><a href=\"http:\/\/www.pzkregl.pl\/wp-content\/uploads\/2023\/03\/Uchwala_nr12023.pdf\">Uchwa\u0142a Zarz\u0105du PZKr\u0119gl. 1\/2023 z 26.01.2023 [PDF]<\/a><\/p>\n<p>Protoko\u0142y Walnego Zjazdu \/ Sprawozdania Finansowe<\/p>\n<p>S<a style=\"font-size: 15px\" href=\"http:\/\/www.pzkregl.pl\/wp-content\/uploads\/2025\/04\/sprawozdanie_wygenerowane_202504091004.pdf\" target=\"_blank\" rel=\"noopener\">prawozdanie Finansowe za rok 2024 [PDF]<\/a><\/p>\n<p><a href=\"http:\/\/www.pzkregl.pl\/wp-content\/uploads\/2025\/10\/Protokol-30-Nadzwyczajnego-ZJAZDU-ostateczny.docx\">Zjazd 2025 [PDF]<\/a><\/p>\n<p><a href=\"http:\/\/www.pzkregl.pl\/wp-content\/uploads\/2025\/02\/Zjazd-2024-cz-1.pdf\">Zjazd 2024 cz. 1 [PDF]<\/a>\u00a0<\/p>\n<p><a href=\"http:\/\/www.pzkregl.pl\/wp-content\/uploads\/2025\/02\/Zjazd-2024-cz.2.pdf\">Zjazd 2024 cz.2 [PDF]<\/a><\/p>\n<p><a href=\"http:\/\/www.pzkregl.pl\/wp-content\/uploads\/2025\/02\/PolZwKr-Sprawozdanie-z-badania-2023-sig.pdf\">Polski Zwi\u0105zek Kr\u0119glarski Sprawozdanie z badania 2023 [PDF]<\/a><\/p>\n<p><a href=\"http:\/\/www.pzkregl.pl\/wp-content\/uploads\/2025\/02\/SPRAWOZE-FINANE-ZA-2023-ROK.pdf\">Sprawozdanie Finansowe za rok 2023 [PDF]<\/a><\/p>\n<p><a href=\"http:\/\/www.pzkregl.pl\/wp-content\/uploads\/2025\/02\/Protokol-z-posiedzenia-Komisji-Rewizyjnej-2023-003.pdf\">Protoko\u0301\u0142 z posiedzenia Komisji Rewizyjnej 2023 [PDF]<\/a><\/p>\n<p><!-- \/wp:paragraph --><!-- wp:paragraph --><\/p>\n<p><!-- \/wp:paragraph --><\/p>\n<p><!-- wp:paragraph --><\/p>\n<p>\u00a0<\/p>\n<p><!-- \/wp:paragraph --><\/p>\t\t\t\t\t\t\t\t<\/div>\n\t\t\t\t<\/div>\n\t\t\t\t\t<\/div>\n\t\t<\/div>\n\t\t\t\t\t<\/div>\n\t\t<\/section>\n\t\t\t\t<\/div>\n\t\t","protected":false},"excerpt":{"rendered":"<p>Protoko\u0142y spotka\u0144 Zarz\u0105du PZKr\u0119gl. \/ Sprawozdania Finansowe Protok\u00f3\u0142 Zarz\u0105du 27.11.2021 [PDF] Protok\u00f3\u0142 Zarz\u0105du 23.03.2022 [PDF] Protok\u00f3\u0142 Zarz\u0105du 25.06.2022 [PDF] Protok\u00f3\u0142 Zarz\u0105du 17.12.2022 [PDF] Protok\u00f3\u0142 Zarz\u0105du 02.07.2023 [PDF] Zebranie zarz\u0105du 18 01 2025 [PDF] Protok\u00f3\u0142 Zarz\u0105du 05.07.2025 [PDF] Zebranie Zarza\u0328du 23.08..2025 &hellip; <a href=\"https:\/\/www.pzkregl.pl\/?page_id=574\">Czytaj dalej <span class=\"meta-nav\">&rarr;<\/span><\/a><\/p>\n","protected":false},"author":1,"featured_media":0,"parent":0,"menu_order":0,"comment_status":"closed","ping_status":"closed","template":"","meta":{"_monsterinsights_skip_tracking":false,"_monsterinsights_sitenote_active":false,"_monsterinsights_sitenote_note":"","_monsterinsights_sitenote_category":0,"footnotes":""},"class_list":["post-574","page","type-page","status-publish","hentry"],"_links":{"self":[{"href":"https:\/\/www.pzkregl.pl\/index.php?rest_route=\/wp\/v2\/pages\/574","targetHints":{"allow":["GET"]}}],"collection":[{"href":"https:\/\/www.pzkregl.pl\/index.php?rest_route=\/wp\/v2\/pages"}],"about":[{"href":"https:\/\/www.pzkregl.pl\/index.php?rest_route=\/wp\/v2\/types\/page"}],"author":[{"embeddable":true,"href":"https:\/\/www.pzkregl.pl\/index.php?rest_route=\/wp\/v2\/users\/1"}],"replies":[{"embeddable":true,"href":"https:\/\/www.pzkregl.pl\/index.php?rest_route=%2Fwp%2Fv2%2Fcomments&post=574"}],"version-history":[{"count":48,"href":"https:\/\/www.pzkregl.pl\/index.php?rest_route=\/wp\/v2\/pages\/574\/revisions"}],"predecessor-version":[{"id":795,"href":"https:\/\/www.pzkregl.pl\/index.php?rest_route=\/wp\/v2\/pages\/574\/revisions\/795"}],"wp:attachment":[{"href":"https:\/\/www.pzkregl.pl\/index.php?rest_route=%2Fwp%2Fv2%2Fmedia&parent=574"}],"curies":[{"name":"wp","href":"https:\/\/api.w.org\/{rel}","templated":true}]}}